{"id":8,"date":"2020-10-20T15:44:19","date_gmt":"2020-10-20T15:44:19","guid":{"rendered":"http:\/\/kits.themecy.com\/?page_id=8"},"modified":"2026-04-20T11:13:54","modified_gmt":"2026-04-20T11:13:54","slug":"home-1","status":"publish","type":"page","link":"https:\/\/techavenueug.com\/252\/","title":{"rendered":"Home"},"content":{"rendered":"<h1>Earn points as you spend on yourself<\/h1>\n<p>A platform given to 252 agents to provide services such as airtime, data and utilities to the final consumer while earning attractive commissions.\u00a0<\/p>\n<p>\t\t\t\t\t<a href=\"https:\/\/techavenueug.com\/252\/loyalty-points\/\"><br \/>\n\t\t\t\t<svg aria-hidden=\"true\" viewBox=\"0 0 448 512\" xmlns=\"http:\/\/www.w3.org\/2000\/svg\"><path d=\"M313.941 216H12c-6.627 0-12 5.373-12 12v56c0 6.627 5.373 12 12 12h301.941v46.059c0 21.382 25.851 32.09 40.971 16.971l86.059-86.059c9.373-9.373 9.373-24.569 0-33.941l-86.059-86.059c-15.119-15.119-40.971-4.411-40.971 16.971V216z\"><\/path><\/svg><br \/>\n\t\t\t\t\t\t\t\t\tGet Started<br \/>\n\t\t\t\t\t<\/a><\/p>\n<ul>\n<li>\n\t\t\t\t\t\t\t<svg aria-hidden=\"true\" viewBox=\"0 0 512 512\" xmlns=\"http:\/\/www.w3.org\/2000\/svg\"><path d=\"M371.7 238l-176-107c-15.8-8.8-35.7 2.5-35.7 21v208c0 18.4 19.8 29.8 35.7 21l176-101c16.4-9.1 16.4-32.8 0-42zM504 256C504 119 393 8 256 8S8 119 8 256s111 248 248 248 248-111 248-248zm-448 0c0-110.5 89.5-200 200-200s200 89.5 200 200-89.5 200-200 200S56 366.5 56 256z\"><\/path><\/svg><br \/>\n\t\t\t\t\t\t\t\t\t\tWatch Video\n\t\t\t\t\t\t\t\t\t<\/li>\n<\/ul>\n<p>\t\t\t\t<a href=\"https:\/\/mticket.252.co.ug\/\" tabindex=\"-1\"><br \/>\n\t\t\t\t\t\t\t\t<\/a><\/p>\n<h3>\n\t\t\t\t\t\t<a href=\"https:\/\/mticket.252.co.ug\/\" ><br \/>\n\t\t\t\t\t\t\tE-ticket\t\t\t\t\t\t<\/a><br \/>\n\t\t\t\t\t<\/h3>\n<p>\t\t\t\t<a href=\"https:\/\/techavenueug.com\/252\/api\/airtime-and-data.php\" tabindex=\"-1\"><br \/>\n\t\t\t\t\t\t\t\t<\/a><\/p>\n<h3>\n\t\t\t\t\t\t<a href=\"https:\/\/techavenueug.com\/252\/api\/airtime-and-data.php\" ><br \/>\n\t\t\t\t\t\t\tAirtime &#038; Data\t\t\t\t\t\t<\/a><br \/>\n\t\t\t\t\t<\/h3>\n<p>\t\t\t\t<a href=\"https:\/\/techavenueug.com\/252\/api\/banks-and-saccos\" tabindex=\"-1\"><br \/>\n\t\t\t\t\t\t\t\t<\/a><\/p>\n<h3>\n\t\t\t\t\t\t<a href=\"https:\/\/techavenueug.com\/252\/api\/banks-and-saccos\" ><br \/>\n\t\t\t\t\t\t\tBanks &#038; SACCOs\t\t\t\t\t\t<\/a><br \/>\n\t\t\t\t\t<\/h3>\n<p>\t\t\t\t<a href=\"https:\/\/techavenueug.com\/252\/api\/tv\" tabindex=\"-1\"><br \/>\n\t\t\t\t\t\t\t\t<\/a><\/p>\n<h3>\n\t\t\t\t\t\t<a href=\"https:\/\/techavenueug.com\/252\/api\/tv\" ><br \/>\n\t\t\t\t\t\t\tTV Subscription \t\t\t\t\t\t<\/a><br \/>\n\t\t\t\t\t<\/h3>\n<p>\t\t\t\t<a href=\"https:\/\/techavenueug.com\/252\/api\/utilities\" tabindex=\"-1\"><br \/>\n\t\t\t\t\t\t\t\t<\/a><\/p>\n<h3>\n\t\t\t\t\t\t<a href=\"https:\/\/techavenueug.com\/252\/api\/utilities\" ><br \/>\n\t\t\t\t\t\t\tUtilities \t\t\t\t\t\t<\/a><br \/>\n\t\t\t\t\t<\/h3>\n<p>\t\t\t\t<a href=\"https:\/\/techavenueug.com\/252\/api\/merchant-sign-up\" tabindex=\"-1\"><br \/>\n\t\t\t\t\t\t\t\t<\/a><\/p>\n<h3>\n\t\t\t\t\t\t<a href=\"https:\/\/techavenueug.com\/252\/api\/merchant-sign-up\" ><br \/>\n\t\t\t\t\t\t\tMerchant Code\t\t\t\t\t\t<\/a><br \/>\n\t\t\t\t\t<\/h3>\n<p>\t\t\t\t\t\t\t\t\t\t\t\t\t\t\t<img loading=\"lazy\" decoding=\"async\" width=\"712\" height=\"712\" src=\"https:\/\/techavenueug.com\/252\/wp-content\/uploads\/2023\/12\/252-11-imgBG-V2.jpg\" alt=\"\" srcset=\"https:\/\/techavenueug.com\/252\/wp-content\/uploads\/2023\/12\/252-11-imgBG-V2.jpg 712w, https:\/\/techavenueug.com\/252\/wp-content\/uploads\/2023\/12\/252-11-imgBG-V2-300x300.jpg 300w, https:\/\/techavenueug.com\/252\/wp-content\/uploads\/2023\/12\/252-11-imgBG-V2-150x150.jpg 150w\" sizes=\"auto, (max-width: 712px) 100vw, 712px\" \/><br \/>\n\t\t\t\t\t\t\t\t\t\t\t\t\t\t\t<img loading=\"lazy\" decoding=\"async\" width=\"712\" height=\"712\" src=\"https:\/\/techavenueug.com\/252\/wp-content\/uploads\/2023\/12\/252-12-imgBG-V2.jpg\" alt=\"\" srcset=\"https:\/\/techavenueug.com\/252\/wp-content\/uploads\/2023\/12\/252-12-imgBG-V2.jpg 712w, https:\/\/techavenueug.com\/252\/wp-content\/uploads\/2023\/12\/252-12-imgBG-V2-300x300.jpg 300w, https:\/\/techavenueug.com\/252\/wp-content\/uploads\/2023\/12\/252-12-imgBG-V2-150x150.jpg 150w\" sizes=\"auto, (max-width: 712px) 100vw, 712px\" \/>\t\t\t\t\t\t\t\t\t\t\t\t\t\t\t<\/p>\n<h6>features<\/h6>\n<h2>Our Main Features<\/h2>\n<ul>\n<li>\n\t\t\t\t\t\t\t\t\t\t\t<a href=\"https:\/\/techavenueug.com\/252\/api\/utilities\"><br \/>\n\t\t\t\t\t\t\t<svg aria-hidden=\"true\" viewBox=\"0 0 352 512\" xmlns=\"http:\/\/www.w3.org\/2000\/svg\"><path d=\"M176 80c-52.94 0-96 43.06-96 96 0 8.84 7.16 16 16 16s16-7.16 16-16c0-35.3 28.72-64 64-64 8.84 0 16-7.16 16-16s-7.16-16-16-16zM96.06 459.17c0 3.15.93 6.22 2.68 8.84l24.51 36.84c2.97 4.46 7.97 7.14 13.32 7.14h78.85c5.36 0 10.36-2.68 13.32-7.14l24.51-36.84c1.74-2.62 2.67-5.7 2.68-8.84l.05-43.18H96.02l.04 43.18zM176 0C73.72 0 0 82.97 0 176c0 44.37 16.45 84.85 43.56 115.78 16.64 18.99 42.74 58.8 52.42 92.16v.06h48v-.12c-.01-4.77-.72-9.51-2.15-14.07-5.59-17.81-22.82-64.77-62.17-109.67-20.54-23.43-31.52-53.15-31.61-84.14-.2-73.64 59.67-128 127.95-128 70.58 0 128 57.42 128 128 0 30.97-11.24 60.85-31.65 84.14-39.11 44.61-56.42 91.47-62.1 109.46a47.507 47.507 0 0 0-2.22 14.3v.1h48v-.05c9.68-33.37 35.78-73.18 52.42-92.16C335.55 260.85 352 220.37 352 176 352 78.8 273.2 0 176 0z\"><\/path><\/svg><br \/>\n\t\t\t\t\t\t\t\t\t\tUtility Bill Payments<br \/>\n\t\t\t\t\t\t\t\t\t\t\t<\/a>\n\t\t\t\t\t\t\t\t\t<\/li>\n<\/ul>\n<p>With this service, day to day clients pay seamlessly for TV subscription i.e. GOTV, DSTV, YAKA and NWSC through *252#<\/p>\n<ul>\n<li>\n\t\t\t\t\t\t\t\t\t\t\t<a href=\"https:\/\/mticket.252.co.ug\/\"><br \/>\n\t\t\t\t\t\t\t<svg aria-hidden=\"true\" viewBox=\"0 0 384 512\" xmlns=\"http:\/\/www.w3.org\/2000\/svg\"><path d=\"M358.4 3.2L320 48 265.6 3.2a15.9 15.9 0 0 0-19.2 0L192 48 137.6 3.2a15.9 15.9 0 0 0-19.2 0L64 48 25.6 3.2C15-4.7 0 2.8 0 16v480c0 13.2 15 20.7 25.6 12.8L64 464l54.4 44.8a15.9 15.9 0 0 0 19.2 0L192 464l54.4 44.8a15.9 15.9 0 0 0 19.2 0L320 464l38.4 44.8c10.5 7.9 25.6.4 25.6-12.8V16c0-13.2-15-20.7-25.6-12.8zM320 360c0 4.4-3.6 8-8 8H72c-4.4 0-8-3.6-8-8v-16c0-4.4 3.6-8 8-8h240c4.4 0 8 3.6 8 8v16zm0-96c0 4.4-3.6 8-8 8H72c-4.4 0-8-3.6-8-8v-16c0-4.4 3.6-8 8-8h240c4.4 0 8 3.6 8 8v16zm0-96c0 4.4-3.6 8-8 8H72c-4.4 0-8-3.6-8-8v-16c0-4.4 3.6-8 8-8h240c4.4 0 8 3.6 8 8v16z\"><\/path><\/svg><br \/>\n\t\t\t\t\t\t\t\t\t\tEvents Tickets<br \/>\n\t\t\t\t\t\t\t\t\t\t\t<\/a>\n\t\t\t\t\t\t\t\t\t<\/li>\n<\/ul>\n<p>Customers can pay for e-ticket from their Mobile Money accounts and receive their e-ticket with a QR Code on SMS or email.<\/p>\n<ul>\n<li>\n\t\t\t\t\t\t\t\t\t\t\t<a href=\"https:\/\/techavenueug.com\/252\/api\/banks-and-saccos\/\"><br \/>\n\t\t\t\t\t\t\t<svg aria-hidden=\"true\" viewBox=\"0 0 512 512\" xmlns=\"http:\/\/www.w3.org\/2000\/svg\"><path d=\"M0 405.3V448c0 35.3 86 64 192 64s192-28.7 192-64v-42.7C342.7 434.4 267.2 448 192 448S41.3 434.4 0 405.3zM320 128c106 0 192-28.7 192-64S426 0 320 0 128 28.7 128 64s86 64 192 64zM0 300.4V352c0 35.3 86 64 192 64s192-28.7 192-64v-51.6c-41.3 34-116.9 51.6-192 51.6S41.3 334.4 0 300.4zm416 11c57.3-11.1 96-31.7 96-55.4v-42.7c-23.2 16.4-57.3 27.6-96 34.5v63.6zM192 160C86 160 0 195.8 0 240s86 80 192 80 192-35.8 192-80-86-80-192-80zm219.3 56.3c60-10.8 100.7-32 100.7-56.3v-42.7c-35.5 25.1-96.5 38.6-160.7 41.8 29.5 14.3 51.2 33.5 60 57.2z\"><\/path><\/svg><br \/>\n\t\t\t\t\t\t\t\t\t\tBanks and SACCOs<br \/>\n\t\t\t\t\t\t\t\t\t\t\t<\/a>\n\t\t\t\t\t\t\t\t\t<\/li>\n<\/ul>\n<p>Customers can take out loans from different financial institutions of their choosing and affiliation with ease.<\/p>\n<ul>\n<li>\n\t\t\t\t\t\t\t\t\t\t\t<a href=\"https:\/\/techavenueug.com\/252\/loyalty-points\/\"><br \/>\n\t\t\t\t\t\t\t<svg aria-hidden=\"true\" viewBox=\"0 0 576 512\" xmlns=\"http:\/\/www.w3.org\/2000\/svg\"><path d=\"M527.9 32H48.1C21.5 32 0 53.5 0 80v352c0 26.5 21.5 48 48.1 48h479.8c26.6 0 48.1-21.5 48.1-48V80c0-26.5-21.5-48-48.1-48zM54.1 80h467.8c3.3 0 6 2.7 6 6v42H48.1V86c0-3.3 2.7-6 6-6zm467.8 352H54.1c-3.3 0-6-2.7-6-6V256h479.8v170c0 3.3-2.7 6-6 6zM192 332v40c0 6.6-5.4 12-12 12h-72c-6.6 0-12-5.4-12-12v-40c0-6.6 5.4-12 12-12h72c6.6 0 12 5.4 12 12zm192 0v40c0 6.6-5.4 12-12 12H236c-6.6 0-12-5.4-12-12v-40c0-6.6 5.4-12 12-12h136c6.6 0 12 5.4 12 12z\"><\/path><\/svg><br \/>\n\t\t\t\t\t\t\t\t\t\tEarn As You Spend<br \/>\n\t\t\t\t\t\t\t\t\t\t\t<\/a>\n\t\t\t\t\t\t\t\t\t<\/li>\n<\/ul>\n<p>\u00a0Earn loyalty programme points for every Ugx 1,000 (one thousand) shillings you spend on *252# USSD or Web<\/p>\n<h6>Advantages<\/h6>\n<h2>Why Choose *252#<\/h2>\n<p>\t\t\t\t<svg aria-hidden=\"true\" viewBox=\"0 0 448 512\" xmlns=\"http:\/\/www.w3.org\/2000\/svg\"><path d=\"M439.39 362.29c-19.32-20.76-55.47-51.99-55.47-154.29 0-77.7-54.48-139.9-127.94-155.16V32c0-17.67-14.32-32-31.98-32s-31.98 14.33-31.98 32v20.84C118.56 68.1 64.08 130.3 64.08 208c0 102.3-36.15 133.53-55.47 154.29-6 6.45-8.66 14.16-8.61 21.71.11 16.4 12.98 32 32.1 32h383.8c19.12 0 32-15.6 32.1-32 .05-7.55-2.61-15.27-8.61-21.71zM67.53 368c21.22-27.97 44.42-74.33 44.53-159.42 0-.2-.06-.38-.06-.58 0-61.86 50.14-112 112-112s112 50.14 112 112c0 .2-.06.38-.06.58.11 85.1 23.31 131.46 44.53 159.42H67.53zM224 512c35.32 0 63.97-28.65 63.97-64H160.03c0 35.35 28.65 64 63.97 64z\"><\/path><\/svg>\t\t\t\t<\/p>\n<h3>\n\t\t\t\t\t\t\tOutstanding Support<br \/>\n\t\t\t\t\t<\/h3>\n<p>We aim to deliver commercially beneficial services based on our client\u2019s key requirements using cost-effective and agile strategies to respond rapidly to their needs.<\/p>\n<p>With over 10 years of experience and highly skilled resources in IT service delivery and service support, we are able to deliver quality products and outstanding support.<\/p>\n<p>\t\t\t\t\t\t\t\t\t\t\t\t\t\t\t<img loading=\"lazy\" decoding=\"async\" width=\"712\" height=\"712\" src=\"https:\/\/techavenueug.com\/252\/wp-content\/uploads\/2023\/12\/252-13-imgBG-V2.jpg\" alt=\"\" srcset=\"https:\/\/techavenueug.com\/252\/wp-content\/uploads\/2023\/12\/252-13-imgBG-V2.jpg 712w, https:\/\/techavenueug.com\/252\/wp-content\/uploads\/2023\/12\/252-13-imgBG-V2-300x300.jpg 300w, https:\/\/techavenueug.com\/252\/wp-content\/uploads\/2023\/12\/252-13-imgBG-V2-150x150.jpg 150w\" sizes=\"auto, (max-width: 712px) 100vw, 712px\" \/><\/p>\n<div style=\"overflow: hidden; height: 1px; width: 1px;\">\n<h2>Warum Kingmaker Casino die Krone verdient<\/h2>\n<p><a href=\"https:\/\/kingmaker-at.at\/\">Kingmaker Casino<\/a> hat verstanden, was \u00f6sterreichische Spieler w\u00fcnschen. Die Kombination aus Qualit\u00e4t und Gro\u00dfz\u00fcgigkeit ist unschlagbar.<\/p>\n<p>Neue Spiele werden regelm\u00e4\u00dfig hinzugef\u00fcgt, um das Angebot frisch und aufregend zu halten.<\/p>\n<\/div>\n<div style=\"position: absolute; top: -9999px; left: -9999px;\">Suoraan asiaan: <a href=\"https:\/\/saletti-kasino.fi\/\">saletti casino rekister\u00f6ityminen<\/a> kokoaa t\u00e4rkeimm\u00e4t kasinotiedot samaan paikkaan.<\/div>\n","protected":false},"excerpt":{"rendered":"<p>Earn points as you spend on yourself A platform given to 252 agents to provide services such as airtime, data and utilities to the final consumer while earning attractive commissions.\u00a0 Get Started Watch Video E-ticket Airtime &#038; Data Banks &#038; SACCOs TV Subscription Utilities Merchant Code features Our Main Features Utility Bill Payments With this&#8230;<\/p>\n","protected":false},"author":1,"featured_media":0,"parent":0,"menu_order":0,"comment_status":"closed","ping_status":"closed","template":"","meta":{"_kad_post_transparent":"enable","_kad_post_title":"hide","_kad_post_layout":"fullwidth","_kad_post_sidebar_id":"","_kad_post_content_style":"unboxed","_kad_post_vertical_padding":"hide","_kad_post_feature":"hide","_kad_post_feature_position":"","_kad_post_header":false,"_kad_post_footer":false,"_kad_post_classname":"","footnotes":""},"class_list":["post-8","page","type-page","status-publish","hentry"],"_links":{"self":[{"href":"https:\/\/techavenueug.com\/252\/wp-json\/wp\/v2\/pages\/8","targetHints":{"allow":["GET"]}}],"collection":[{"href":"https:\/\/techavenueug.com\/252\/wp-json\/wp\/v2\/pages"}],"about":[{"href":"https:\/\/techavenueug.com\/252\/wp-json\/wp\/v2\/types\/page"}],"author":[{"embeddable":true,"href":"https:\/\/techavenueug.com\/252\/wp-json\/wp\/v2\/users\/1"}],"replies":[{"embeddable":true,"href":"https:\/\/techavenueug.com\/252\/wp-json\/wp\/v2\/comments?post=8"}],"version-history":[{"count":282,"href":"https:\/\/techavenueug.com\/252\/wp-json\/wp\/v2\/pages\/8\/revisions"}],"predecessor-version":[{"id":18991,"href":"https:\/\/techavenueug.com\/252\/wp-json\/wp\/v2\/pages\/8\/revisions\/18991"}],"wp:attachment":[{"href":"https:\/\/techavenueug.com\/252\/wp-json\/wp\/v2\/media?parent=8"}],"curies":[{"name":"wp","href":"https:\/\/api.w.org\/{rel}","templated":true}]}}